{"id":28366,"date":"2024-10-09T11:54:34","date_gmt":"2024-10-09T11:54:34","guid":{"rendered":"https:\/\/4kickerz-app.com\/?page_id=28366"},"modified":"2024-10-09T11:55:15","modified_gmt":"2024-10-09T11:55:15","slug":"datenschutzrichtlinie","status":"publish","type":"page","link":"https:\/\/4kickerz-app.com\/de\/datenschutzrichtlinie\/","title":{"rendered":"Datenschutzbestimmungen"},"content":{"rendered":"\n<div class=\"univera-section privacy-policy-section my-3\">\n        <div class=\"univera-row container\">\n            <div class=\"row-inner row-small justify-content-center\">\n                <div class=\"univera-column col-12 col-md-10\">\n                    <div class=\"inner-column\">\n                        <h1>Datenschutzbestimmungen<\/h1>\n                        <p><strong>Datum des Inkrafttretens<\/strong>: 1. 8. 2024  <\/p>\n                    <\/div>\n                <\/div>\n            <\/div>\n        <\/div>\n\n        <div class=\"univera-row container\">\n            <div class=\"row-inner row-small justify-content-center\">\n                <div class=\"univera-column col-12 col-md-10 rounded-4 \">\n                    <div class=\"inner-column\">\n                        <h2 class=\"h3\">1. Einf\u00fchrung<\/h2>\n                        <p>\n  4Kickerz (&#8222;wir&#8220;, &#8222;unser&#8220; oder &#8222;uns&#8220;) sch\u00e4tzt die Privatsph\u00e4re aller seiner Nutzer, einschlie\u00dflich Kindern unter 13 Jahren (&#8222;Kinder&#8220;). Diese Datenschutzrichtlinie erl\u00e4utert unsere Praktiken in Bezug auf die Erhebung, Verwendung und Weitergabe von personenbezogenen Daten von Nutzern unserer mobilen Anwendung 4Kickerz (&#8222;die App&#8220;), die im Google Play Store erh\u00e4ltlich ist. Wir verpflichten uns zur Einhaltung des Children&#8217;s Online Privacy Protection Act (COPPA) und anderer anwendbarer Datenschutzgesetze.  \n                        <\/p>\n                    <\/div>\n                <\/div>\n            <\/div>\n        <\/div>\n\n        <div class=\"univera-row container\">\n            <div class=\"row-inner row-small justify-content-center\">\n                <div class=\"univera-column col-12 col-md-10 rounded-4 \">\n                    <div class=\"inner-column\">\n                        <h2 class=\"h3\">2. Informationen, die wir sammeln<\/h2>\n\n                        <ul>\n                            <li>\n                                <strong>Pers\u00f6nliche Informationen von Benutzern ab 13 Jahren:<\/strong> Wir k\u00f6nnen pers\u00f6nliche Daten wie Namen, E-Mail-Adressen, Passw\u00f6rter und andere Kontaktdaten von Nutzern f\u00fcr die Erstellung von Konten, In-App-K\u00e4ufe, Kommunikationszwecke und den Zugang zu bestimmten Funktionen der App erfassen.\n                            <\/li>\n                            <li>\n                                <strong>Pers\u00f6nliche Informationen von Kindern:<\/strong> Wir sammeln nicht wissentlich personenbezogene Daten von Nutzern unter 13 Jahren ohne die nachweisliche Zustimmung der Eltern. Wenn personenbezogene Daten, wie z. B. eine E-Mail-Adresse und ein Kennwort, von einem Kind erfasst werden, dann nur f\u00fcr Zwecke, die mit dem Betrieb der App zusammenh\u00e4ngen, wie z. B. die Aktivierung bestimmter Merkmale oder Funktionen. Vor der Erfassung dieser Daten wird die \u00fcberpr\u00fcfbare Zustimmung der Eltern eingeholt.  \n                            <\/li>\n                            <li>\n                                <strong>Nicht-pers\u00f6nliche Informationen:<\/strong> Wir k\u00f6nnen nicht-personenbezogene Daten von allen Nutzern sammeln, einschlie\u00dflich:\n                                <ul>\n                                    <li><strong>Ger\u00e4teinformationen:<\/strong> Wie IP-Adresse, Ger\u00e4tetyp, Betriebssystem und technische Details.<\/li>\n                                    <li><strong>App-Nutzungsdaten:<\/strong> Informationen dar\u00fcber, wie die App genutzt wird, Spieldaten und Benutzerinteraktionen.<\/li>\n                                    <li><strong>Bezeichner:<\/strong> Cookies, eindeutige Ger\u00e4tekennungen und \u00e4hnliche Technologien.\n                                    <\/li>\n                                <\/ul>\n                            <\/li>\n                        <\/ul>\n                    <\/div>\n                <\/div>\n            <\/div>\n        <\/div>\n\n        <div class=\"univera-row container\">\n            <div class=\"row-inner row-small justify-content-center\">\n                <div class=\"univera-column col-12 col-md-10 rounded-4 \">\n                    <div class=\"inner-column\">\n                        <h2 class=\"h3\">3. Wie wir Informationen verwenden<\/h2>\n                        <ul>\n                            <li>\n                                <strong>Pers\u00f6nliche Informationen:<\/strong>\n                                <ul>\n                                    <li>Pers\u00f6nliche Daten von Nutzern ab 13 Jahren werden verwendet, um die App bereitzustellen und zu verbessern, Kundensupport anzubieten, Updates zu versenden und Nutzerkonten zu verwalten.<\/li>\n                                    <li>F\u00fcr Kinder werden alle gesammelten pers\u00f6nlichen Daten (wie z.B. E-Mail und Passwort) ausschlie\u00dflich zur Aktivierung bestimmter App-Funktionen und nur mit Zustimmung der Eltern verwendet.<\/li>\n                                <\/ul>\n\n                            <\/li>\n                            <li>\n                                <strong>Nicht-pers\u00f6nliche Informationen:<\/strong>\n                                <ul>\n                                    <li>Wir k\u00f6nnen nicht-personenbezogene Daten verwenden, um die Funktionalit\u00e4t der App und das Benutzererlebnis zu verbessern.<\/li>\n                                    <li>F\u00fchren Sie interne Analysen durch, um das Nutzungsverhalten der App zu verstehen.<\/li>\n                                    <li>Bieten Sie personalisierte Inhalte und Funktionen an.<\/li>\n                                <\/ul>\n                            <\/li>\n\n                        <\/ul>\n                    <\/div>\n                <\/div>\n            <\/div>\n        <\/div>\n\n        <div class=\"univera-row container\">\n            <div class=\"row-inner row-small justify-content-center\">\n                <div class=\"univera-column col-12 col-md-10 rounded-4 \">\n                    <div class=\"inner-column\">\n                        <h2 class=\"h3\">4. Dienstleistungen von Drittanbietern<\/h2>\n                        <p>Die App kann Dienste von Drittanbietern integrieren, wie z.B. Analytik-Anbieter oder Werbung. Diese Drittanbieter k\u00f6nnen als Teil ihres Dienstes Informationen sammeln. Wir stellen sicher, dass diese Drittanbieter bei der Verarbeitung von Informationen \u00fcber Kinder unter 13 Jahren die COPPA und andere relevante Gesetze einhalten. Bitte lesen Sie deren Datenschutzrichtlinien f\u00fcr weitere Details:   <\/p>\n                        <ul>\n                            <li><strong>Vimeo<\/strong>: Wir betten Videos von Vimeo auf unserer Website ein. Vimeo kann Daten \u00fcber Ihre Interaktion mit den Videos sammeln, einschlie\u00dflich IP-Adresse und Sehverhalten. Weitere Informationen dar\u00fcber, wie Vimeo mit Ihren Daten umgeht, finden Sie in der <a href=\"https:\/\/vimeo.com\/privacy\/\" target=\"_blank\" rel=\"nofollow noopener\">Datenschutzrichtlinie von Vimeo<\/a>.  <\/li>\n                        <\/ul>\n                    <\/div>\n                <\/div>\n            <\/div>\n        <\/div>\n\n        <div class=\"univera-row container\">\n            <div class=\"row-inner row-small justify-content-center\">\n                <div class=\"univera-column col-12 col-md-10 rounded-4 \">\n                    <div class=\"inner-column\">\n                        <h2 class=\"h3\">5. Zustimmung der Eltern f\u00fcr Kinder<\/h2>\n                        <p>Bevor wir pers\u00f6nliche Daten, einschlie\u00dflich E-Mail-Adressen und Passw\u00f6rter, von Kindern unter 13 Jahren erfassen, holen wir die nachweisbare Zustimmung der Eltern ein. Eltern oder Erziehungsberechtigte k\u00f6nnen ihre Zustimmung jederzeit widerrufen und die L\u00f6schung der Daten ihres Kindes verlangen, indem sie uns unter <a href=\"mailto:info@4kickerz.com\">info@4kickerz.com<\/a> kontaktieren <a href=\"mailto:info@4kickerz.com\">.<\/a> <\/p>\n                    <\/div>\n                <\/div>\n            <\/div>\n        <\/div>\n\n        <div class=\"univera-row container\">\n            <div class=\"row-inner row-small justify-content-center\">\n                <div class=\"univera-column col-12 col-md-10 rounded-4 \">\n                    <div class=\"inner-column\">\n                        <h2 class=\"h3\">6. Weitergabe von Informationen<\/h2>\n                        <p>Wir geben keine pers\u00f6nlichen Daten von Benutzern unter 13 Jahren an Dritte weiter, au\u00dfer in den folgenden F\u00e4llen:\n                        <\/p>\n\n                        <ul>\n                            <li>Um gesetzlichen Verpflichtungen nachzukommen.\n                            <\/li>\n                            <li>Mit elterlicher Zustimmung.<\/li>\n                            <li>An Dienstleister, die beim Betrieb der App behilflich sind, vorausgesetzt, sie halten sich an die Vertraulichkeits- und Sicherheitsanforderungen.<\/li>\n                        <\/ul>\n\n                        <p>\n  F\u00fcr Nutzer, die 13 Jahre oder \u00e4lter sind, k\u00f6nnen wir Informationen an Dritte weitergeben, wenn dies f\u00fcr Dienstleistungen, Marketing oder wie in dieser Richtlinie beschrieben erforderlich ist.  <\/p>\n                    <\/div>\n                <\/div>\n            <\/div>\n        <\/div>\n\n        <div class=\"univera-row container\">\n            <div class=\"row-inner row-small justify-content-center\">\n                <div class=\"univera-column col-12 col-md-10 rounded-4 \">\n                    <div class=\"inner-column\">\n                        <h2 class=\"h3\">7. Datensicherheit<\/h2>\n                        <p>Wir ergreifen angemessene Ma\u00dfnahmen, um die \u00fcber die App gesammelten Informationen, einschlie\u00dflich E-Mail-Adressen und Passw\u00f6rter, vor Verlust, Diebstahl, Missbrauch und unbefugtem Zugriff zu sch\u00fctzen. Allerdings ist keine Methode der \u00dcbertragung \u00fcber das Internet oder der elektronischen Speicherung vollkommen sicher, und wir k\u00f6nnen keine absolute Sicherheit garantieren. \n                        <\/p>\n                    <\/div>\n                <\/div>\n            <\/div>\n        <\/div>\n\n        <div class=\"univera-row container\">\n            <div class=\"row-inner row-small justify-content-center\">\n                <div class=\"univera-column col-12 col-md-10 rounded-4 \">\n                    <div class=\"inner-column\">\n                        <h2 class=\"h3\">8. Benutzerrechte<\/h2>\n                        <ul>\n                            <li><strong>F\u00fcr Benutzer ab 13 Jahren:<\/strong> Sie haben das Recht, Ihre pers\u00f6nlichen Daten, einschlie\u00dflich Ihrer E-Mail-Adresse und Ihres Passworts, einzusehen, zu korrigieren oder zu l\u00f6schen. Sie k\u00f6nnen diese Rechte aus\u00fcben, indem Sie uns unter <a href=\"mailto:info@4kickerz.com\">info@4kickerz.com<\/a> kontaktieren <a href=\"mailto:info@4kickerz.com\">.<\/a> <\/li>\n                            <li><strong>F\u00fcr Eltern von Kindern unter 13 Jahren:<\/strong>Als Eltern oder Erziehungsberechtigte haben Sie das Recht, die pers\u00f6nlichen Daten Ihres Kindes einzusehen, Korrekturen oder L\u00f6schungen zu verlangen und die weitere Erfassung oder Verwendung der Daten Ihres Kindes zu verweigern, indem Sie uns unter <a href=\"mailto:info@4kickerz.com\">info@4kickerz.com<\/a> kontaktieren <a href=\"mailto:info@4kickerz.com\">.<\/a><\/li>\n                        <\/ul>\n                    <\/div>\n                <\/div>\n            <\/div>\n        <\/div>\n\n        <div class=\"univera-row container\">\n            <div class=\"row-inner row-small justify-content-center\">\n                <div class=\"univera-column col-12 col-md-10 rounded-4 \">\n                    <div class=\"inner-column\">\n                        <h2 class=\"h3\">9. Werbung und In-App-K\u00e4ufe<\/h2>\n                        <p>Die App kann enthalten:<\/p>\n                        <ul>\n                            <li><strong>Werbung:<\/strong> Wir stellen sicher, dass Werbung, die Kindern gezeigt wird, altersgerecht ist und den einschl\u00e4gigen Gesetzen entspricht. Nutzer ab 13 Jahren k\u00f6nnen personalisierte Werbung sehen. <\/li>\n                            <li><strong>In-App-K\u00e4ufe:<\/strong>In-App-K\u00e4ufe sind durch die Kindersicherung gesch\u00fctzt und entsprechen den Richtlinien von Google Play f\u00fcr K\u00e4ufe in Apps, die von Kindern genutzt werden k\u00f6nnen.\n                            <\/li>\n                        <\/ul>\n                    <\/div>\n                <\/div>\n            <\/div>\n        <\/div>\n\n        <div class=\"univera-row container\">\n            <div class=\"row-inner row-small justify-content-center\">\n                <div class=\"univera-column col-12 col-md-10 rounded-4 \">\n                    <div class=\"inner-column\">\n                        <h2 class=\"h3\">10. Einhaltung der Familienpolitik von Google Play<\/h2>\n                        <p>Unsere App ist Teil des Google Play Families-Programms und h\u00e4lt sich an alle Richtlinien und Anforderungen. Wir stellen sicher, dass unsere Inhalte f\u00fcr alle Altersgruppen geeignet sind und alle Richtlinien von Google f\u00fcr Apps, die Nutzer unter 13 Jahren einbeziehen, einhalten. \n                        <\/p>\n\n                    <\/div>\n                <\/div>\n            <\/div>\n        <\/div>\n\n        <div class=\"univera-row container\">\n            <div class=\"row-inner row-small justify-content-center\">\n                <div class=\"univera-column col-12 col-md-10 rounded-4 \">\n                    <div class=\"inner-column\">\n                        <h2 class=\"h3\">11. \u00c4nderungen an dieser Datenschutzrichtlinie<\/h2>\n                        <p>Wir k\u00f6nnen diese Datenschutzrichtlinie von Zeit zu Zeit aktualisieren. Wenn wir dies tun, werden wir das &#8222;Datum des Inkrafttretens&#8220; oben in dieser Richtlinie \u00e4ndern. Wir empfehlen Ihnen, diese Richtlinie regelm\u00e4\u00dfig zu lesen, um sich dar\u00fcber zu informieren, wie wir Ihre Daten und die Daten Ihres Kindes sch\u00fctzen.  \n                        <\/p>\n\n                    <\/div>\n                <\/div>\n            <\/div>\n        <\/div>\n\n        <div class=\"univera-row container\">\n            <div class=\"row-inner row-small justify-content-center\">\n                <div class=\"univera-column col-12 col-md-10 rounded-4 \">\n                    <div class=\"inner-column\">\n                        <h2 class=\"h3\">12. Kontakt<\/h2>\n                        <p>Wenn Sie Fragen oder Bedenken zu dieser Datenschutzrichtlinie haben, kontaktieren Sie uns bitte unter:\n                        <\/p>\n                        <ul>\n                            <li><strong>E-Mail:<\/strong> <a href=\"mailto:info@4kickerz.com\">info@4kickerz.com<\/a>\n                            <\/li>\n                        <\/ul>\n                    <\/div>\n                <\/div>\n            <\/div>\n        <\/div>\n\n        <div class=\"univera-row container\">\n            <div class=\"row-inner row-small justify-content-center\">\n                <div class=\"univera-column col-12 col-md-10 rounded-4 \">\n                    <div class=\"inner-column\">\n                        <h2 class=\"h3\">13. Einhaltung des Gesetzes zum Schutz der Privatsph\u00e4re von Kindern im Internet (COPPA)<\/h2>\n                        <p>Wir halten uns an den Children&#8217;s Online Privacy Protection Act (COPPA) und befolgen alle anwendbaren Gesetze und Vorschriften bez\u00fcglich der Erfassung und Verwendung von pers\u00f6nlichen Daten von Kindern unter 13 Jahren.\n                        <\/p>\n\n                    <\/div>\n                <\/div>\n            <\/div>\n        <\/div>\n\n        <div class=\"univera-row container\">\n            <div class=\"row-inner row-small justify-content-center\">\n                <div class=\"univera-column col-12 col-md-10 rounded-4 py-5\">\n                    <div class=\"inner-column\">\n                        <div class=\"d-flex justify-content-between\">\n                            <div class=\"d-flex gap-2\">\n                                <a href=\"https:\/\/4kickerz-app.com\/de\/anmeldung\/\" class=\"btn btn-primary text-uppercase\">Zum Login gehen<\/a>\n                                <a href=\"https:\/\/4kickerz-app.com\/de\/registrieren-sie-sich\/\" class=\"btn btn-primary text-uppercase\">Ein Konto erstellen<\/a>\n                            <\/div>\n                            <div>\n                                <a href=\"https:\/\/4kickerz-app.com\/de\/mein-konto-loeschen\/\" class=\"btn btn-danger text-uppercase\">Konto l\u00f6schen<\/a>\n                            <\/div>\n                        <\/div>\n                    <\/div>\n                <\/div>\n            <\/div>\n        <\/div>\n\n    <\/div>\n","protected":false},"excerpt":{"rendered":"","protected":false},"author":1,"featured_media":0,"parent":0,"menu_order":0,"comment_status":"closed","ping_status":"closed","template":"","meta":{"_acf_changed":false,"footnotes":""},"class_list":["post-28366","page","type-page","status-publish","hentry"],"acf":[],"_links":{"self":[{"href":"https:\/\/4kickerz-app.com\/de\/wp-json\/wp\/v2\/pages\/28366","targetHints":{"allow":["GET"]}}],"collection":[{"href":"https:\/\/4kickerz-app.com\/de\/wp-json\/wp\/v2\/pages"}],"about":[{"href":"https:\/\/4kickerz-app.com\/de\/wp-json\/wp\/v2\/types\/page"}],"author":[{"embeddable":true,"href":"https:\/\/4kickerz-app.com\/de\/wp-json\/wp\/v2\/users\/1"}],"replies":[{"embeddable":true,"href":"https:\/\/4kickerz-app.com\/de\/wp-json\/wp\/v2\/comments?post=28366"}],"version-history":[{"count":4,"href":"https:\/\/4kickerz-app.com\/de\/wp-json\/wp\/v2\/pages\/28366\/revisions"}],"predecessor-version":[{"id":28382,"href":"https:\/\/4kickerz-app.com\/de\/wp-json\/wp\/v2\/pages\/28366\/revisions\/28382"}],"wp:attachment":[{"href":"https:\/\/4kickerz-app.com\/de\/wp-json\/wp\/v2\/media?parent=28366"}],"curies":[{"name":"wp","href":"https:\/\/api.w.org\/{rel}","templated":true}]}}