{"id":28372,"date":"2024-10-09T11:54:34","date_gmt":"2024-10-09T11:54:34","guid":{"rendered":"https:\/\/4kickerz-app.com\/?page_id=28372"},"modified":"2024-10-09T11:55:15","modified_gmt":"2024-10-09T11:55:15","slug":"politica-de-privacidad-2","status":"publish","type":"page","link":"https:\/\/4kickerz-app.com\/es\/politica-de-privacidad-2\/","title":{"rendered":"Pol\u00edtica de privacidad"},"content":{"rendered":"\n<div class=\"univera-section privacy-policy-section my-3\">\n        <div class=\"univera-row container\">\n            <div class=\"row-inner row-small justify-content-center\">\n                <div class=\"univera-column col-12 col-md-10\">\n                    <div class=\"inner-column\">\n                        <h1>Pol\u00edtica de privacidad<\/h1>\n                        <p><strong>Fecha de entrada en vigor<\/strong>: 1. 8. 2024  <\/p>\n                    <\/div>\n                <\/div>\n            <\/div>\n        <\/div>\n\n        <div class=\"univera-row container\">\n            <div class=\"row-inner row-small justify-content-center\">\n                <div class=\"univera-column col-12 col-md-10 rounded-4 \">\n                    <div class=\"inner-column\">\n                        <h2 class=\"h3\">1. Introducci\u00f3n<\/h2>\n                        <p>\n  4Kickerz (\u00abnosotros\u00bb, \u00abnuestro\u00bb o \u00abnos\u00bb) valora la privacidad de todos sus usuarios, incluidos los menores de 13 a\u00f1os (\u00abni\u00f1os\u00bb). Esta Pol\u00edtica de Privacidad explica nuestras pr\u00e1cticas en relaci\u00f3n con la recogida, uso e intercambio de informaci\u00f3n personal de los usuarios de nuestra aplicaci\u00f3n m\u00f3vil 4Kickerz (\u00abla Aplicaci\u00f3n\u00bb), que est\u00e1 disponible en Google Play Store. Nos comprometemos a cumplir la Ley de Protecci\u00f3n de la Privacidad Infantil en Internet (COPPA) y otras leyes de privacidad aplicables.  \n                        <\/p>\n                    <\/div>\n                <\/div>\n            <\/div>\n        <\/div>\n\n        <div class=\"univera-row container\">\n            <div class=\"row-inner row-small justify-content-center\">\n                <div class=\"univera-column col-12 col-md-10 rounded-4 \">\n                    <div class=\"inner-column\">\n                        <h2 class=\"h3\">2. Informaci\u00f3n que recogemos<\/h2>\n\n                        <ul>\n                            <li>\n                                <strong>Informaci\u00f3n personal de usuarios mayores de 13 a\u00f1os:<\/strong> Podemos recopilar informaci\u00f3n personal como nombres, direcciones de correo electr\u00f3nico, contrase\u00f1as y otros datos de contacto de los usuarios para la creaci\u00f3n de cuentas, compras dentro de la aplicaci\u00f3n, comunicaci\u00f3n y acceso a determinadas funciones de la Aplicaci\u00f3n.\n                            <\/li>\n                            <li>\n                                <strong>Informaci\u00f3n personal de menores:<\/strong> En el caso de los usuarios menores de 13 a\u00f1os, no recopilamos conscientemente informaci\u00f3n personal sin el consentimiento paterno verificable. Si se recopila informaci\u00f3n personal de un ni\u00f1o, como una direcci\u00f3n de correo electr\u00f3nico y una contrase\u00f1a, es \u00fanicamente para fines relacionados con el funcionamiento de la App, como habilitar caracter\u00edsticas o funciones espec\u00edficas. Se obtendr\u00e1 el consentimiento paterno verificable antes de recopilar esta informaci\u00f3n.  \n                            <\/li>\n                            <li>\n                                <strong>Informaci\u00f3n no personal:<\/strong> Podemos recoger informaci\u00f3n no personal de todos los usuarios, incluyendo:\n                                <ul>\n                                    <li><strong>Informaci\u00f3n del dispositivo:<\/strong> Como direcci\u00f3n IP, tipo de dispositivo, sistema operativo y detalles t\u00e9cnicos.<\/li>\n                                    <li><strong>Datos de uso de la App:<\/strong> Informaci\u00f3n sobre c\u00f3mo se utiliza la App, datos de juego e interacciones del usuario.<\/li>\n                                    <li><strong>dentificadores:<\/strong> Cookies, identificadores \u00fanicos de dispositivo y tecnolog\u00edas similares.\n                                    <\/li>\n                                <\/ul>\n                            <\/li>\n                        <\/ul>\n                    <\/div>\n                <\/div>\n            <\/div>\n        <\/div>\n\n        <div class=\"univera-row container\">\n            <div class=\"row-inner row-small justify-content-center\">\n                <div class=\"univera-column col-12 col-md-10 rounded-4 \">\n                    <div class=\"inner-column\">\n                        <h2 class=\"h3\">3. C\u00f3mo utilizamos la informaci\u00f3n<\/h2>\n                        <ul>\n                            <li>\n                                <strong>Informaci\u00f3n personal:<\/strong>\n                                <ul>\n                                    <li>Para los usuarios mayores de 13 a\u00f1os, la informaci\u00f3n personal se utiliza para proporcionar y mejorar la App, ofrecer atenci\u00f3n al cliente, enviar actualizaciones y gestionar las cuentas de usuario.<\/li>\n                                    <li>Para los ni\u00f1os, cualquier informaci\u00f3n personal recopilada (como el correo electr\u00f3nico y la contrase\u00f1a) se utiliza \u00fanicamente para habilitar funciones espec\u00edficas de la aplicaci\u00f3n y s\u00f3lo con el consentimiento de los padres.<\/li>\n                                <\/ul>\n\n                            <\/li>\n                            <li>\n                                <strong>Informaci\u00f3n no personal:<\/strong>\n                                <ul>\n                                    <li>Podemos utilizar informaci\u00f3n no personal para mejorar la funcionalidad de la App y la experiencia del usuario.<\/li>\n                                    <li>Realiza an\u00e1lisis internos para comprender los patrones de uso de la aplicaci\u00f3n.<\/li>\n                                    <li>Proporciona contenidos y funciones personalizados.<\/li>\n                                <\/ul>\n                            <\/li>\n\n                        <\/ul>\n                    <\/div>\n                <\/div>\n            <\/div>\n        <\/div>\n\n        <div class=\"univera-row container\">\n            <div class=\"row-inner row-small justify-content-center\">\n                <div class=\"univera-column col-12 col-md-10 rounded-4 \">\n                    <div class=\"inner-column\">\n                        <h2 class=\"h3\">4. Servicios de terceros<\/h2>\n                        <p>La App puede integrar servicios de terceros, como proveedores de an\u00e1lisis o publicidad. Estos terceros pueden recopilar informaci\u00f3n como parte de su servicio. Nos aseguramos de que estos terceros cumplan con la ley COPPA y otras leyes pertinentes al procesar informaci\u00f3n relacionada con menores de 13 a\u00f1os. Consulta sus pol\u00edticas de privacidad para obtener m\u00e1s informaci\u00f3n:   <\/p>\n                        <ul>\n                            <li><strong>Vimeo<\/strong>: Incrustamos v\u00eddeos de Vimeo en nuestro sitio web. Vimeo puede recopilar datos sobre tu interacci\u00f3n con sus v\u00eddeos, incluyendo la direcci\u00f3n IP y el comportamiento de visualizaci\u00f3n. Para obtener m\u00e1s informaci\u00f3n sobre c\u00f3mo trata Vimeo tus datos, consulta la <a href=\"https:\/\/vimeo.com\/privacy\/\" target=\"_blank\" rel=\"nofollow noopener\">Pol\u00edtica de privacidad de Vimeo<\/a>.  <\/li>\n                        <\/ul>\n                    <\/div>\n                <\/div>\n            <\/div>\n        <\/div>\n\n        <div class=\"univera-row container\">\n            <div class=\"row-inner row-small justify-content-center\">\n                <div class=\"univera-column col-12 col-md-10 rounded-4 \">\n                    <div class=\"inner-column\">\n                        <h2 class=\"h3\">5. Consentimiento paterno para los ni\u00f1os<\/h2>\n                        <p>Antes de recopilar cualquier informaci\u00f3n personal, incluidas direcciones de correo electr\u00f3nico y contrase\u00f1as, de menores de 13 a\u00f1os, obtendremos el consentimiento paterno verificable. Los padres o tutores pueden retirar su consentimiento en cualquier momento y solicitar la eliminaci\u00f3n de la informaci\u00f3n de su hijo poni\u00e9ndose en contacto con nosotros en <a href=\"mailto:info@4kickerz.com\">info@4kickerz.com.<\/a> <\/p>\n                    <\/div>\n                <\/div>\n            <\/div>\n        <\/div>\n\n        <div class=\"univera-row container\">\n            <div class=\"row-inner row-small justify-content-center\">\n                <div class=\"univera-column col-12 col-md-10 rounded-4 \">\n                    <div class=\"inner-column\">\n                        <h2 class=\"h3\">6. Intercambio de informaci\u00f3n<\/h2>\n                        <p>No compartimos informaci\u00f3n personal recogida de usuarios menores de 13 a\u00f1os con terceros, excepto en los siguientes casos:\n                        <\/p>\n\n                        <ul>\n                            <li>Para cumplir obligaciones legales.\n                            <\/li>\n                            <li>Con consentimiento paterno.<\/li>\n                            <li>A proveedores de servicios que ayuden en el funcionamiento de la App, siempre que cumplan los requisitos de confidencialidad y seguridad.<\/li>\n                        <\/ul>\n\n                        <p>\n  Para los usuarios de 13 a\u00f1os o m\u00e1s, podemos compartir informaci\u00f3n con terceros seg\u00fan sea necesario para los servicios, el marketing o seg\u00fan se describe en esta pol\u00edtica.  <\/p>\n                    <\/div>\n                <\/div>\n            <\/div>\n        <\/div>\n\n        <div class=\"univera-row container\">\n            <div class=\"row-inner row-small justify-content-center\">\n                <div class=\"univera-column col-12 col-md-10 rounded-4 \">\n                    <div class=\"inner-column\">\n                        <h2 class=\"h3\">7. Seguridad de los datos<\/h2>\n                        <p>Tomamos medidas razonables para proteger la informaci\u00f3n recopilada a trav\u00e9s de la App, incluidas las direcciones de correo electr\u00f3nico y las contrase\u00f1as, frente a p\u00e9rdidas, robos, usos indebidos y accesos no autorizados. Sin embargo, ning\u00fan m\u00e9todo de transmisi\u00f3n a trav\u00e9s de Internet o de almacenamiento electr\u00f3nico es completamente seguro, y no podemos garantizar su seguridad absoluta. \n                        <\/p>\n                    <\/div>\n                <\/div>\n            <\/div>\n        <\/div>\n\n        <div class=\"univera-row container\">\n            <div class=\"row-inner row-small justify-content-center\">\n                <div class=\"univera-column col-12 col-md-10 rounded-4 \">\n                    <div class=\"inner-column\">\n                        <h2 class=\"h3\">8. Derechos del usuario<\/h2>\n                        <ul>\n                            <li><strong>Para usuarios mayores de 13 a\u00f1os:<\/strong> Tienes derecho a acceder, corregir o eliminar tu informaci\u00f3n personal, incluida tu direcci\u00f3n de correo electr\u00f3nico y contrase\u00f1a. Puedes ejercer estos derechos poni\u00e9ndote en contacto con nosotros en <a href=\"mailto:info@4kickerz.com\">info@4kickerz.com.<\/a> <\/li>\n                            <li><strong>Para padres de ni\u00f1os menores de 13 a\u00f1os:<\/strong>Como padre o tutor, tienes derecho a revisar la informaci\u00f3n personal de tu hijo, solicitar correcciones o supresiones y negarte a que se sigan recopilando o utilizando los datos de tu hijo poni\u00e9ndote en contacto con nosotros en <a href=\"mailto:info@4kickerz.com\">info@4kickerz.com.<\/a><\/li>\n                        <\/ul>\n                    <\/div>\n                <\/div>\n            <\/div>\n        <\/div>\n\n        <div class=\"univera-row container\">\n            <div class=\"row-inner row-small justify-content-center\">\n                <div class=\"univera-column col-12 col-md-10 rounded-4 \">\n                    <div class=\"inner-column\">\n                        <h2 class=\"h3\">9. Publicidad y compras dentro de la aplicaci\u00f3n<\/h2>\n                        <p>La App puede incluir:<\/p>\n                        <ul>\n                            <li><strong>Publicidad:<\/strong> Nos aseguramos de que los anuncios mostrados a los ni\u00f1os sean apropiados para su edad y cumplan con las leyes pertinentes. Los usuarios mayores de 13 a\u00f1os pueden ver anuncios personalizados. <\/li>\n                            <li>Compras dentro de la <strong>aplicaci\u00f3n:<\/strong>Las compras dentro de la aplicaci\u00f3n est\u00e1n protegidas por controles parentales y cumplen las pol\u00edticas de Google Play relativas a las compras en aplicaciones que pueden ser utilizadas por ni\u00f1os.\n                            <\/li>\n                        <\/ul>\n                    <\/div>\n                <\/div>\n            <\/div>\n        <\/div>\n\n        <div class=\"univera-row container\">\n            <div class=\"row-inner row-small justify-content-center\">\n                <div class=\"univera-column col-12 col-md-10 rounded-4 \">\n                    <div class=\"inner-column\">\n                        <h2 class=\"h3\">10. Cumplimiento de la Pol\u00edtica de Familias de Google Play<\/h2>\n                        <p>Nuestra aplicaci\u00f3n forma parte del programa Google Play Families y cumple todas las directrices y requisitos. Nos aseguramos de que nuestro contenido es apropiado para todas las edades y cumple todas las pol\u00edticas establecidas por Google para las aplicaciones que incluyen usuarios menores de 13 a\u00f1os. \n                        <\/p>\n\n                    <\/div>\n                <\/div>\n            <\/div>\n        <\/div>\n\n        <div class=\"univera-row container\">\n            <div class=\"row-inner row-small justify-content-center\">\n                <div class=\"univera-column col-12 col-md-10 rounded-4 \">\n                    <div class=\"inner-column\">\n                        <h2 class=\"h3\">11. Cambios en esta Pol\u00edtica de Privacidad<\/h2>\n                        <p>Podemos actualizar esta Pol\u00edtica de Privacidad de vez en cuando. Cuando lo hagamos, revisaremos la \u00abFecha de entrada en vigor\u00bb en la parte superior de esta pol\u00edtica. Te animamos a que revises esta pol\u00edtica peri\u00f3dicamente para mantenerte informado sobre c\u00f3mo protegemos tu informaci\u00f3n y la de tu hijo.  \n                        <\/p>\n\n                    <\/div>\n                <\/div>\n            <\/div>\n        <\/div>\n\n        <div class=\"univera-row container\">\n            <div class=\"row-inner row-small justify-content-center\">\n                <div class=\"univera-column col-12 col-md-10 rounded-4 \">\n                    <div class=\"inner-column\">\n                        <h2 class=\"h3\">12. Contacta con nosotros<\/h2>\n                        <p>Si tienes alguna pregunta o duda sobre esta Pol\u00edtica de privacidad, ponte en contacto con nosotros en\n                        <\/p>\n                        <ul>\n                            <li><strong>Correo electr\u00f3nico:<\/strong> <a href=\"mailto:info@4kickerz.com\">info@4kickerz.com<\/a>\n                            <\/li>\n                        <\/ul>\n                    <\/div>\n                <\/div>\n            <\/div>\n        <\/div>\n\n        <div class=\"univera-row container\">\n            <div class=\"row-inner row-small justify-content-center\">\n                <div class=\"univera-column col-12 col-md-10 rounded-4 \">\n                    <div class=\"inner-column\">\n                        <h2 class=\"h3\">13. Cumplimiento de la Ley de Protecci\u00f3n de la Privacidad Infantil en Internet (COPPA)<\/h2>\n                        <p>Cumplimos la Ley de Protecci\u00f3n de la Privacidad Infantil en Internet (COPPA) y nos adherimos a todas las leyes y normativas aplicables relativas a la recogida y uso de informaci\u00f3n personal de ni\u00f1os menores de 13 a\u00f1os.\n                        <\/p>\n\n                    <\/div>\n                <\/div>\n            <\/div>\n        <\/div>\n\n        <div class=\"univera-row container\">\n            <div class=\"row-inner row-small justify-content-center\">\n                <div class=\"univera-column col-12 col-md-10 rounded-4 py-5\">\n                    <div class=\"inner-column\">\n                        <div class=\"d-flex justify-content-between\">\n                            <div class=\"d-flex gap-2\">\n                                <a href=\"https:\/\/4kickerz-app.com\/es\/iniciar-sesion\/\" class=\"btn btn-primary text-uppercase\">Ir a Inicio de sesi\u00f3n<\/a>\n                                <a href=\"https:\/\/4kickerz-app.com\/es\/registrate-en\/\" class=\"btn btn-primary text-uppercase\">Crear una cuenta<\/a>\n                            <\/div>\n                            <div>\n                                <a href=\"https:\/\/4kickerz-app.com\/es\/eliminar-mi-cuenta\/\" class=\"btn btn-danger text-uppercase\">Eliminar cuenta<\/a>\n                            <\/div>\n                        <\/div>\n                    <\/div>\n                <\/div>\n            <\/div>\n        <\/div>\n\n    <\/div>\n","protected":false},"excerpt":{"rendered":"","protected":false},"author":1,"featured_media":0,"parent":0,"menu_order":0,"comment_status":"closed","ping_status":"closed","template":"","meta":{"_acf_changed":false,"footnotes":""},"class_list":["post-28372","page","type-page","status-publish","hentry"],"acf":[],"_links":{"self":[{"href":"https:\/\/4kickerz-app.com\/es\/wp-json\/wp\/v2\/pages\/28372","targetHints":{"allow":["GET"]}}],"collection":[{"href":"https:\/\/4kickerz-app.com\/es\/wp-json\/wp\/v2\/pages"}],"about":[{"href":"https:\/\/4kickerz-app.com\/es\/wp-json\/wp\/v2\/types\/page"}],"author":[{"embeddable":true,"href":"https:\/\/4kickerz-app.com\/es\/wp-json\/wp\/v2\/users\/1"}],"replies":[{"embeddable":true,"href":"https:\/\/4kickerz-app.com\/es\/wp-json\/wp\/v2\/comments?post=28372"}],"version-history":[{"count":3,"href":"https:\/\/4kickerz-app.com\/es\/wp-json\/wp\/v2\/pages\/28372\/revisions"}],"predecessor-version":[{"id":28377,"href":"https:\/\/4kickerz-app.com\/es\/wp-json\/wp\/v2\/pages\/28372\/revisions\/28377"}],"wp:attachment":[{"href":"https:\/\/4kickerz-app.com\/es\/wp-json\/wp\/v2\/media?parent=28372"}],"curies":[{"name":"wp","href":"https:\/\/api.w.org\/{rel}","templated":true}]}}