{"id":28362,"date":"2024-10-09T11:54:34","date_gmt":"2024-10-09T11:54:34","guid":{"rendered":"https:\/\/4kickerz-app.com\/?page_id=28362"},"modified":"2024-10-09T12:01:11","modified_gmt":"2024-10-09T12:01:11","slug":"politique-de-confidentialite","status":"publish","type":"page","link":"https:\/\/4kickerz-app.com\/fr\/politique-de-confidentialite\/","title":{"rendered":"Politique de confidentialit\u00e9"},"content":{"rendered":"\n<div class=\"univera-section privacy-policy-section my-3\">\n        <div class=\"univera-row container\">\n            <div class=\"row-inner row-small justify-content-center\">\n                <div class=\"univera-column col-12 col-md-10\">\n                    <div class=\"inner-column\">\n                        <h1>Politique de confidentialit\u00e9<\/h1>\n                        <p><strong>Date d&rsquo;entr\u00e9e en vigueur<\/strong>: 1. 8. 2024  <\/p>\n                    <\/div>\n                <\/div>\n            <\/div>\n        <\/div>\n\n        <div class=\"univera-row container\">\n            <div class=\"row-inner row-small justify-content-center\">\n                <div class=\"univera-column col-12 col-md-10 rounded-4 \">\n                    <div class=\"inner-column\">\n                        <h2 class=\"h3\">1. Introduction<\/h2>\n                        <p>\n  4Kickerz (\u00ab\u00a0nous\u00a0\u00bb, \u00ab\u00a0notre\u00a0\u00bb ou \u00ab\u00a0nos\u00a0\u00bb) respecte la vie priv\u00e9e de tous ses utilisateurs, y compris les enfants de moins de 13 ans (\u00ab\u00a0les enfants\u00a0\u00bb). Cette politique de confidentialit\u00e9 explique nos pratiques concernant la collecte, l&rsquo;utilisation et le partage des informations personnelles des utilisateurs de notre application mobile 4Kickerz (\u00ab\u00a0l&rsquo;application\u00a0\u00bb), qui est disponible sur le Google Play Store. Nous nous engageons \u00e0 respecter la loi sur la protection de la vie priv\u00e9e des enfants en ligne (COPPA) et les autres lois applicables en mati\u00e8re de protection de la vie priv\u00e9e.  \n                        <\/p>\n                    <\/div>\n                <\/div>\n            <\/div>\n        <\/div>\n\n        <div class=\"univera-row container\">\n            <div class=\"row-inner row-small justify-content-center\">\n                <div class=\"univera-column col-12 col-md-10 rounded-4 \">\n                    <div class=\"inner-column\">\n                        <h2 class=\"h3\">2. Les informations que nous collectons<\/h2>\n\n                        <ul>\n                            <li>\n                                <strong>Informations personnelles des utilisateurs de 13 ans et plus :<\/strong> Nous pouvons collecter des informations personnelles telles que des noms, des adresses \u00e9lectroniques, des mots de passe et d&rsquo;autres coordonn\u00e9es aupr\u00e8s des utilisateurs pour la cr\u00e9ation de comptes, les achats in-app, la communication et l&rsquo;acc\u00e8s \u00e0 certaines fonctionnalit\u00e9s de l&rsquo;application.\n                            <\/li>\n                            <li>\n                                <strong>Informations personnelles des enfants :<\/strong> Pour les utilisateurs de moins de 13 ans, nous ne recueillons pas sciemment d&rsquo;informations personnelles sans le consentement v\u00e9rifiable des parents. Si des informations personnelles, telles qu&rsquo;une adresse \u00e9lectronique et un mot de passe, sont collect\u00e9es aupr\u00e8s d&rsquo;un enfant, c&rsquo;est uniquement \u00e0 des fins li\u00e9es au fonctionnement de l&rsquo;application, telles que l&rsquo;activation de caract\u00e9ristiques ou de fonctions sp\u00e9cifiques. Un consentement parental v\u00e9rifiable sera obtenu avant la collecte de ces informations.  \n                            <\/li>\n                            <li>\n                                <strong>Informations non personnelles :<\/strong> Nous pouvons collecter des informations non personnelles aupr\u00e8s de tous les utilisateurs, y compris :\n                                <ul>\n                                    <li><strong>Informations sur l&rsquo;appareil :<\/strong> adresse IP, type d&rsquo;appareil, syst\u00e8me d&rsquo;exploitation et d\u00e9tails techniques.<\/li>\n                                    <li><strong>Donn\u00e9es d&rsquo;utilisation de l&rsquo;application :<\/strong> Informations sur la fa\u00e7on dont l&rsquo;application est utilis\u00e9e, donn\u00e9es de gameplay et interactions avec l&rsquo;utilisateur.<\/li>\n                                    <li><strong>identifiants :<\/strong> Cookies, identificateurs d&rsquo;appareils uniques et technologies similaires.\n                                    <\/li>\n                                <\/ul>\n                            <\/li>\n                        <\/ul>\n                    <\/div>\n                <\/div>\n            <\/div>\n        <\/div>\n\n        <div class=\"univera-row container\">\n            <div class=\"row-inner row-small justify-content-center\">\n                <div class=\"univera-column col-12 col-md-10 rounded-4 \">\n                    <div class=\"inner-column\">\n                        <h2 class=\"h3\">3. Comment nous utilisons les informations<\/h2>\n                        <ul>\n                            <li>\n                                <strong>Informations personnelles :<\/strong>\n                                <ul>\n                                    <li>Pour les utilisateurs \u00e2g\u00e9s de 13 ans et plus, les informations personnelles sont utilis\u00e9es pour fournir et am\u00e9liorer l&rsquo;application, offrir une assistance \u00e0 la client\u00e8le, envoyer des mises \u00e0 jour et g\u00e9rer les comptes d&rsquo;utilisateurs.<\/li>\n                                    <li>Pour les enfants, toute information personnelle collect\u00e9e (telle que l&rsquo;adresse \u00e9lectronique et le mot de passe) est utilis\u00e9e uniquement pour activer des fonctions sp\u00e9cifiques de l&rsquo;application et seulement avec le consentement des parents.<\/li>\n                                <\/ul>\n\n                            <\/li>\n                            <li>\n                                <strong>Informations non personnelles :<\/strong>\n                                <ul>\n                                    <li>Nous pouvons utiliser des informations non personnelles pour am\u00e9liorer la fonctionnalit\u00e9 de l&rsquo;application et l&rsquo;exp\u00e9rience de l&rsquo;utilisateur.<\/li>\n                                    <li>Effectuez des analyses internes pour comprendre les sch\u00e9mas d&rsquo;utilisation des applications.<\/li>\n                                    <li>Fournir un contenu et des fonctionnalit\u00e9s personnalis\u00e9s.<\/li>\n                                <\/ul>\n                            <\/li>\n\n                        <\/ul>\n                    <\/div>\n                <\/div>\n            <\/div>\n        <\/div>\n\n        <div class=\"univera-row container\">\n            <div class=\"row-inner row-small justify-content-center\">\n                <div class=\"univera-column col-12 col-md-10 rounded-4 \">\n                    <div class=\"inner-column\">\n                        <h2 class=\"h3\">4. Services de tiers<\/h2>\n                        <p>L&rsquo;application peut int\u00e9grer des services de tiers tels que des fournisseurs d&rsquo;analyses ou des publicit\u00e9s. Ces tiers peuvent collecter des informations dans le cadre de leurs services. Nous veillons \u00e0 ce que ces tiers se conforment \u00e0 la COPPA et \u00e0 d&rsquo;autres lois pertinentes lorsqu&rsquo;ils traitent des informations relatives \u00e0 des enfants de moins de 13 ans. Veuillez consulter leurs politiques de confidentialit\u00e9 pour plus de d\u00e9tails :   <\/p>\n                        <ul>\n                            <li><strong>Vimeo<\/strong>: Nous int\u00e9grons des vid\u00e9os de Vimeo sur notre site web. Vimeo peut collecter des donn\u00e9es sur votre interaction avec ses vid\u00e9os, y compris l&rsquo;adresse IP et le comportement de visionnage. Pour plus d&rsquo;informations sur la mani\u00e8re dont Vimeo traite vos donn\u00e9es, veuillez consulter la <a href=\"https:\/\/vimeo.com\/privacy\/\" target=\"_blank\" rel=\"nofollow noopener\">politique de confidentialit\u00e9 de Vimeo<\/a>.  <\/li>\n                        <\/ul>\n                    <\/div>\n                <\/div>\n            <\/div>\n        <\/div>\n\n        <div class=\"univera-row container\">\n            <div class=\"row-inner row-small justify-content-center\">\n                <div class=\"univera-column col-12 col-md-10 rounded-4 \">\n                    <div class=\"inner-column\">\n                        <h2 class=\"h3\">5. Consentement parental pour les enfants<\/h2>\n                        <p>Avant de collecter des informations personnelles, y compris des adresses \u00e9lectroniques et des mots de passe, aupr\u00e8s d&rsquo;enfants de moins de 13 ans, nous obtiendrons le consentement v\u00e9rifiable des parents. Les parents ou tuteurs peuvent retirer leur consentement \u00e0 tout moment et demander la suppression des informations relatives \u00e0 leur enfant en nous contactant \u00e0 l&rsquo;adresse <a href=\"mailto:info@4kickerz.com\">info@4kickerz.com.<\/a> <\/p>\n                    <\/div>\n                <\/div>\n            <\/div>\n        <\/div>\n\n        <div class=\"univera-row container\">\n            <div class=\"row-inner row-small justify-content-center\">\n                <div class=\"univera-column col-12 col-md-10 rounded-4 \">\n                    <div class=\"inner-column\">\n                        <h2 class=\"h3\">6. Partage d&rsquo;informations<\/h2>\n                        <p>Nous ne partageons pas avec des tiers les informations personnelles recueillies aupr\u00e8s d&rsquo;utilisateurs \u00e2g\u00e9s de moins de 13 ans, sauf dans les cas suivants :\n                        <\/p>\n\n                        <ul>\n                            <li>Respecter les obligations l\u00e9gales.\n                            <\/li>\n                            <li>Avec le consentement des parents.<\/li>\n                            <li>Aux prestataires de services qui contribuent au fonctionnement de l&rsquo;application, \u00e0 condition qu&rsquo;ils respectent les exigences de confidentialit\u00e9 et de s\u00e9curit\u00e9.<\/li>\n                        <\/ul>\n\n                        <p>\n  Pour les utilisateurs \u00e2g\u00e9s de 13 ans et plus, nous pouvons partager des informations avec des tiers si cela est n\u00e9cessaire pour les services, le marketing ou comme d\u00e9crit dans cette politique.  <\/p>\n                    <\/div>\n                <\/div>\n            <\/div>\n        <\/div>\n\n        <div class=\"univera-row container\">\n            <div class=\"row-inner row-small justify-content-center\">\n                <div class=\"univera-column col-12 col-md-10 rounded-4 \">\n                    <div class=\"inner-column\">\n                        <h2 class=\"h3\">7. S\u00e9curit\u00e9 des donn\u00e9es<\/h2>\n                        <p>Nous prenons des mesures raisonnables pour prot\u00e9ger les informations collect\u00e9es par l&rsquo;interm\u00e9diaire de l&rsquo;application, y compris les adresses \u00e9lectroniques et les mots de passe, contre la perte, le vol, l&rsquo;utilisation abusive et l&rsquo;acc\u00e8s non autoris\u00e9. Cependant, aucune m\u00e9thode de transmission sur Internet ou de stockage \u00e9lectronique n&rsquo;est totalement s\u00fbre, et nous ne pouvons pas garantir une s\u00e9curit\u00e9 absolue. \n                        <\/p>\n                    <\/div>\n                <\/div>\n            <\/div>\n        <\/div>\n\n        <div class=\"univera-row container\">\n            <div class=\"row-inner row-small justify-content-center\">\n                <div class=\"univera-column col-12 col-md-10 rounded-4 \">\n                    <div class=\"inner-column\">\n                        <h2 class=\"h3\">8. Droits de l&rsquo;utilisateur<\/h2>\n                        <ul>\n                            <li><strong>Pour les utilisateurs de 13 ans et plus :<\/strong> Vous avez le droit d&rsquo;acc\u00e9der, de corriger ou de supprimer vos informations personnelles, y compris votre adresse \u00e9lectronique et votre mot de passe. Vous pouvez exercer ces droits en nous contactant \u00e0 l&rsquo;adresse <a href=\"mailto:info@4kickerz.com\">info@4kickerz.com.<\/a> <\/li>\n                            <li><strong>Pour les parents d&rsquo;enfants de moins de 13 ans :<\/strong>En tant que parent ou tuteur, vous avez le droit de consulter les informations personnelles de votre enfant, de demander des corrections ou des suppressions, et de refuser la collecte ou l&rsquo;utilisation ult\u00e9rieure des informations de votre enfant en nous contactant \u00e0 l&rsquo;adresse suivante <a href=\"mailto:info@4kickerz.com\">: info@4kickerz.com<\/a>.<\/li>\n                        <\/ul>\n                    <\/div>\n                <\/div>\n            <\/div>\n        <\/div>\n\n        <div class=\"univera-row container\">\n            <div class=\"row-inner row-small justify-content-center\">\n                <div class=\"univera-column col-12 col-md-10 rounded-4 \">\n                    <div class=\"inner-column\">\n                        <h2 class=\"h3\">9. Publicit\u00e9 et achats int\u00e9gr\u00e9s<\/h2>\n                        <p>L&rsquo;application peut comprendre :<\/p>\n                        <ul>\n                            <li><strong>Publicit\u00e9 :<\/strong> Nous veillons \u00e0 ce que les publicit\u00e9s diffus\u00e9es aux enfants soient adapt\u00e9es \u00e0 leur \u00e2ge et conformes aux lois en vigueur. Les utilisateurs \u00e2g\u00e9s de 13 ans et plus peuvent voir des publicit\u00e9s personnalis\u00e9es. <\/li>\n                            <li>Achats dans l&rsquo;application<strong>:<\/strong>Les achats dans l&rsquo;application sont prot\u00e9g\u00e9s par le contr\u00f4le parental et sont conformes aux r\u00e8gles de Google Play concernant les achats dans les applications susceptibles d&rsquo;\u00eatre utilis\u00e9es par des enfants.\n                            <\/li>\n                        <\/ul>\n                    <\/div>\n                <\/div>\n            <\/div>\n        <\/div>\n\n        <div class=\"univera-row container\">\n            <div class=\"row-inner row-small justify-content-center\">\n                <div class=\"univera-column col-12 col-md-10 rounded-4 \">\n                    <div class=\"inner-column\">\n                        <h2 class=\"h3\">10. Conformit\u00e9 avec la politique de Google Play \u00e0 l&rsquo;\u00e9gard des familles<\/h2>\n                        <p>Notre application fait partie du programme Google Play Familles et respecte toutes les directives et exigences. Nous veillons \u00e0 ce que notre contenu soit adapt\u00e9 \u00e0 tous les \u00e2ges et \u00e0 ce qu&rsquo;il soit conforme \u00e0 toutes les r\u00e8gles \u00e9tablies par Google pour les applications destin\u00e9es \u00e0 des utilisateurs de moins de 13 ans. \n                        <\/p>\n\n                    <\/div>\n                <\/div>\n            <\/div>\n        <\/div>\n\n        <div class=\"univera-row container\">\n            <div class=\"row-inner row-small justify-content-center\">\n                <div class=\"univera-column col-12 col-md-10 rounded-4 \">\n                    <div class=\"inner-column\">\n                        <h2 class=\"h3\">11. Modifications de la pr\u00e9sente politique de protection de la vie priv\u00e9e<\/h2>\n                        <p>Nous pouvons mettre \u00e0 jour la pr\u00e9sente politique de confidentialit\u00e9 de temps \u00e0 autre. Le cas \u00e9ch\u00e9ant, nous modifierons la \u00ab\u00a0date d&rsquo;entr\u00e9e en vigueur\u00a0\u00bb figurant en haut de la pr\u00e9sente politique. Nous vous encourageons \u00e0 consulter r\u00e9guli\u00e8rement cette politique afin de rester inform\u00e9 de la mani\u00e8re dont nous prot\u00e9geons vos informations et celles de votre enfant.  \n                        <\/p>\n\n                    <\/div>\n                <\/div>\n            <\/div>\n        <\/div>\n\n        <div class=\"univera-row container\">\n            <div class=\"row-inner row-small justify-content-center\">\n                <div class=\"univera-column col-12 col-md-10 rounded-4 \">\n                    <div class=\"inner-column\">\n                        <h2 class=\"h3\">12. Contactez nous<\/h2>\n                        <p>Si vous avez des questions ou des pr\u00e9occupations concernant la pr\u00e9sente politique de confidentialit\u00e9, veuillez nous contacter \u00e0 l&rsquo;adresse suivante\n                        <\/p>\n                        <ul>\n                            <li><strong>Courriel :<\/strong> <a href=\"mailto:info@4kickerz.com\">info@4kickerz.com<\/a>\n                            <\/li>\n                        <\/ul>\n                    <\/div>\n                <\/div>\n            <\/div>\n        <\/div>\n\n        <div class=\"univera-row container\">\n            <div class=\"row-inner row-small justify-content-center\">\n                <div class=\"univera-column col-12 col-md-10 rounded-4 \">\n                    <div class=\"inner-column\">\n                        <h2 class=\"h3\">13. Conformit\u00e9 \u00e0 la loi sur la protection de la vie priv\u00e9e des enfants en ligne (COPPA)<\/h2>\n                        <p>Nous nous conformons \u00e0 la loi sur la protection de la vie priv\u00e9e des enfants en ligne (COPPA) et respectons toutes les lois et r\u00e9glementations applicables \u00e0 la collecte et \u00e0 l&rsquo;utilisation d&rsquo;informations personnelles d&rsquo;enfants de moins de 13 ans.\n                        <\/p>\n\n                    <\/div>\n                <\/div>\n            <\/div>\n        <\/div>\n\n        <div class=\"univera-row container\">\n            <div class=\"row-inner row-small justify-content-center\">\n                <div class=\"univera-column col-12 col-md-10 rounded-4 py-5\">\n                    <div class=\"inner-column\">\n                        <div class=\"d-flex justify-content-between\">\n                            <div class=\"d-flex gap-2\">\n                                <a href=\"https:\/\/4kickerz-app.com\/fr\/connexion\/\" class=\"btn btn-primary text-uppercase\">Acc\u00e9der \u00e0 la connexion<\/a>\n                                <a href=\"https:\/\/4kickerz-app.com\/fr\/registre\/\" class=\"btn btn-primary text-uppercase\">Cr\u00e9er un compte<\/a>\n                            <\/div>\n                            <div>\n                                <a href=\"https:\/\/4kickerz-app.com\/fr\/supprimer-mon-compte\/\" class=\"btn btn-danger text-uppercase\">Supprimer le compte<\/a>\n                            <\/div>\n                        <\/div>\n                    <\/div>\n                <\/div>\n            <\/div>\n        <\/div>\n\n    <\/div>\n","protected":false},"excerpt":{"rendered":"","protected":false},"author":1,"featured_media":0,"parent":0,"menu_order":0,"comment_status":"closed","ping_status":"closed","template":"","meta":{"_acf_changed":false,"footnotes":""},"class_list":["post-28362","page","type-page","status-publish","hentry"],"acf":[],"_links":{"self":[{"href":"https:\/\/4kickerz-app.com\/fr\/wp-json\/wp\/v2\/pages\/28362","targetHints":{"allow":["GET"]}}],"collection":[{"href":"https:\/\/4kickerz-app.com\/fr\/wp-json\/wp\/v2\/pages"}],"about":[{"href":"https:\/\/4kickerz-app.com\/fr\/wp-json\/wp\/v2\/types\/page"}],"author":[{"embeddable":true,"href":"https:\/\/4kickerz-app.com\/fr\/wp-json\/wp\/v2\/users\/1"}],"replies":[{"embeddable":true,"href":"https:\/\/4kickerz-app.com\/fr\/wp-json\/wp\/v2\/comments?post=28362"}],"version-history":[{"count":3,"href":"https:\/\/4kickerz-app.com\/fr\/wp-json\/wp\/v2\/pages\/28362\/revisions"}],"predecessor-version":[{"id":28365,"href":"https:\/\/4kickerz-app.com\/fr\/wp-json\/wp\/v2\/pages\/28362\/revisions\/28365"}],"wp:attachment":[{"href":"https:\/\/4kickerz-app.com\/fr\/wp-json\/wp\/v2\/media?parent=28362"}],"curies":[{"name":"wp","href":"https:\/\/api.w.org\/{rel}","templated":true}]}}